{"id":1249,"date":"2025-03-09T08:34:59","date_gmt":"2025-03-09T08:34:59","guid":{"rendered":"https:\/\/www.omakapp.ee\/blog\/"},"modified":"2025-03-09T08:37:31","modified_gmt":"2025-03-09T08:37:31","slug":"blog","status":"publish","type":"page","link":"https:\/\/omakapp.ee\/ru\/blog\/","title":{"rendered":"\u0411\u043b\u043e\u0433"},"content":{"rendered":"<p>[et_pb_section fb_built=&#187;1&#8243; admin_label=&#187;section&#187; _builder_version=&#187;4.16&#8243; global_colors_info=&#187;{}&#187;][et_pb_row _builder_version=&#187;4.25.2&#8243; _module_preset=&#187;default&#187; width=&#187;90%&#187; global_colors_info=&#187;{}&#187;][et_pb_column type=&#187;4_4&#8243; _builder_version=&#187;4.25.2&#8243; _module_preset=&#187;default&#187; global_colors_info=&#187;{}&#187;][et_pb_heading title=&#187;Blogi&#187; _builder_version=&#187;4.25.2&#8243; _module_preset=&#187;default&#187; title_font=&#187;|700|||||||&#187; global_colors_info=&#187;{}&#187;][\/et_pb_heading][et_pb_blog fullwidth=&#187;off&#187; include_categories=&#187;1&#8243; show_author=&#187;off&#187; _builder_version=&#187;4.27.4&#8243; _module_preset=&#187;default&#187; header_font=&#187;|700|||||||&#187; global_colors_info=&#187;{}&#187;][\/et_pb_blog][\/et_pb_column][\/et_pb_row][\/et_pb_section]<\/p>\n","protected":false},"excerpt":{"rendered":"","protected":false},"author":2,"featured_media":431,"parent":0,"menu_order":0,"comment_status":"closed","ping_status":"closed","template":"","meta":{"_et_pb_use_builder":"on","_et_pb_old_content":"","_et_gb_content_width":"","footnotes":""},"class_list":["post-1249","page","type-page","status-publish","has-post-thumbnail","hentry"],"yoast_head":"<!-- This site is optimized with the Yoast SEO plugin v27.0 - https:\/\/yoast.com\/product\/yoast-seo-wordpress\/ -->\n<title>\u0411\u043b\u043e\u0433 - \u041c\u0435\u0431\u0435\u043b\u044c \u043d\u0430 \u0437\u0430\u043a\u0430\u0437, \u0433\u0430\u0440\u0434\u0435\u0440\u043e\u0431\u043d\u044b\u0435 \u0441\u0438\u0441\u0442\u0435\u043c\u044b | OmaKapp<\/title>\n<meta name=\"description\" content=\"\u0427\u0438\u0442\u0430\u0439\u0442\u0435 \u0431\u043b\u043e\u0433 \u043e \u043c\u0435\u0431\u0435\u043b\u0438 \u043d\u0430 \u0437\u0430\u043a\u0430\u0437, \u0440\u0430\u0437\u0434\u0432\u0438\u0436\u043d\u044b\u0445 \u0434\u0432\u0435\u0440\u044f\u0445, \u0433\u0430\u0440\u0434\u0435\u0440\u043e\u0431\u043d\u044b\u0445 \u0441\u0438\u0441\u0442\u0435\u043c\u0430\u0445 \u0438 \u0434\u0438\u0437\u0430\u0439\u043d\u0435 \u0438\u043d\u0442\u0435\u0440\u044c\u0435\u0440\u0430. \u041f\u043e\u043b\u0435\u0437\u043d\u044b\u0435 \u0438\u0434\u0435\u0438 \u0438 \u0440\u0435\u0448\u0435\u043d\u0438\u044f \u0434\u043b\u044f \u0432\u0430\u0448\u0435\u0433\u043e \u0434\u043e\u043c\u0430 \u0432 \u0425\u0430\u0440\u044c\u044e\u043c\u0430\u0430!\" \/>\n<meta name=\"robots\" content=\"index, follow, max-snippet:-1, max-image-preview:large, max-video-preview:-1\" \/>\n<link rel=\"canonical\" href=\"https:\/\/omakapp.ee\/ru\/blog\/\" \/>\n<meta property=\"og:locale\" content=\"ru_RU\" \/>\n<meta property=\"og:type\" content=\"article\" \/>\n<meta property=\"og:title\" content=\"\u0411\u043b\u043e\u0433 - \u041c\u0435\u0431\u0435\u043b\u044c \u043d\u0430 \u0437\u0430\u043a\u0430\u0437, \u0433\u0430\u0440\u0434\u0435\u0440\u043e\u0431\u043d\u044b\u0435 \u0441\u0438\u0441\u0442\u0435\u043c\u044b | OmaKapp\" \/>\n<meta property=\"og:description\" content=\"\u0427\u0438\u0442\u0430\u0439\u0442\u0435 \u0431\u043b\u043e\u0433 \u043e \u043c\u0435\u0431\u0435\u043b\u0438 \u043d\u0430 \u0437\u0430\u043a\u0430\u0437, \u0440\u0430\u0437\u0434\u0432\u0438\u0436\u043d\u044b\u0445 \u0434\u0432\u0435\u0440\u044f\u0445, \u0433\u0430\u0440\u0434\u0435\u0440\u043e\u0431\u043d\u044b\u0445 \u0441\u0438\u0441\u0442\u0435\u043c\u0430\u0445 \u0438 \u0434\u0438\u0437\u0430\u0439\u043d\u0435 \u0438\u043d\u0442\u0435\u0440\u044c\u0435\u0440\u0430. \u041f\u043e\u043b\u0435\u0437\u043d\u044b\u0435 \u0438\u0434\u0435\u0438 \u0438 \u0440\u0435\u0448\u0435\u043d\u0438\u044f \u0434\u043b\u044f \u0432\u0430\u0448\u0435\u0433\u043e \u0434\u043e\u043c\u0430 \u0432 \u0425\u0430\u0440\u044c\u044e\u043c\u0430\u0430!\" \/>\n<meta property=\"og:url\" content=\"https:\/\/omakapp.ee\/ru\/blog\/\" \/>\n<meta property=\"og:site_name\" content=\"Eritellimusm\u00f6\u00f6bel | OmaKapp Tallinn\" \/>\n<meta property=\"article:modified_time\" content=\"2025-03-09T08:37:31+00:00\" \/>\n<meta property=\"og:image\" content=\"https:\/\/omakapp.ee\/wp-content\/uploads\/2025\/01\/7-garderoobi-susteemid-min-scaled-e1735821867648.jpg\" \/>\n\t<meta property=\"og:image:width\" content=\"488\" \/>\n\t<meta property=\"og:image:height\" content=\"650\" \/>\n\t<meta property=\"og:image:type\" content=\"image\/jpeg\" \/>\n<meta name=\"twitter:card\" content=\"summary_large_image\" \/>\n<meta name=\"twitter:label1\" content=\"\u041f\u0440\u0438\u043c\u0435\u0440\u043d\u043e\u0435 \u0432\u0440\u0435\u043c\u044f \u0434\u043b\u044f \u0447\u0442\u0435\u043d\u0438\u044f\" \/>\n\t<meta name=\"twitter:data1\" content=\"1 \u043c\u0438\u043d\u0443\u0442\u0430\" \/>\n<script type=\"application\/ld+json\" class=\"yoast-schema-graph\">{\"@context\":\"https:\/\/schema.org\",\"@graph\":[{\"@type\":\"WebPage\",\"@id\":\"https:\/\/omakapp.ee\/ru\/blog\/\",\"url\":\"https:\/\/omakapp.ee\/ru\/blog\/\",\"name\":\"\u0411\u043b\u043e\u0433 - \u041c\u0435\u0431\u0435\u043b\u044c \u043d\u0430 \u0437\u0430\u043a\u0430\u0437, \u0433\u0430\u0440\u0434\u0435\u0440\u043e\u0431\u043d\u044b\u0435 \u0441\u0438\u0441\u0442\u0435\u043c\u044b | OmaKapp\",\"isPartOf\":{\"@id\":\"https:\/\/omakapp.ee\/ru\/#website\"},\"primaryImageOfPage\":{\"@id\":\"https:\/\/omakapp.ee\/ru\/blog\/#primaryimage\"},\"image\":{\"@id\":\"https:\/\/omakapp.ee\/ru\/blog\/#primaryimage\"},\"thumbnailUrl\":\"https:\/\/omakapp.ee\/wp-content\/uploads\/2025\/01\/7-garderoobi-susteemid-min-scaled-e1735821867648.jpg\",\"datePublished\":\"2025-03-09T08:34:59+00:00\",\"dateModified\":\"2025-03-09T08:37:31+00:00\",\"description\":\"\u0427\u0438\u0442\u0430\u0439\u0442\u0435 \u0431\u043b\u043e\u0433 \u043e \u043c\u0435\u0431\u0435\u043b\u0438 \u043d\u0430 \u0437\u0430\u043a\u0430\u0437, \u0440\u0430\u0437\u0434\u0432\u0438\u0436\u043d\u044b\u0445 \u0434\u0432\u0435\u0440\u044f\u0445, \u0433\u0430\u0440\u0434\u0435\u0440\u043e\u0431\u043d\u044b\u0445 \u0441\u0438\u0441\u0442\u0435\u043c\u0430\u0445 \u0438 \u0434\u0438\u0437\u0430\u0439\u043d\u0435 \u0438\u043d\u0442\u0435\u0440\u044c\u0435\u0440\u0430. \u041f\u043e\u043b\u0435\u0437\u043d\u044b\u0435 \u0438\u0434\u0435\u0438 \u0438 \u0440\u0435\u0448\u0435\u043d\u0438\u044f \u0434\u043b\u044f \u0432\u0430\u0448\u0435\u0433\u043e \u0434\u043e\u043c\u0430 \u0432 \u0425\u0430\u0440\u044c\u044e\u043c\u0430\u0430!\",\"breadcrumb\":{\"@id\":\"https:\/\/omakapp.ee\/ru\/blog\/#breadcrumb\"},\"inLanguage\":\"ru-RU\",\"potentialAction\":[{\"@type\":\"ReadAction\",\"target\":[\"https:\/\/omakapp.ee\/ru\/blog\/\"]}]},{\"@type\":\"ImageObject\",\"inLanguage\":\"ru-RU\",\"@id\":\"https:\/\/omakapp.ee\/ru\/blog\/#primaryimage\",\"url\":\"https:\/\/omakapp.ee\/wp-content\/uploads\/2025\/01\/7-garderoobi-susteemid-min-scaled-e1735821867648.jpg\",\"contentUrl\":\"https:\/\/omakapp.ee\/wp-content\/uploads\/2025\/01\/7-garderoobi-susteemid-min-scaled-e1735821867648.jpg\",\"width\":488,\"height\":650},{\"@type\":\"BreadcrumbList\",\"@id\":\"https:\/\/omakapp.ee\/ru\/blog\/#breadcrumb\",\"itemListElement\":[{\"@type\":\"ListItem\",\"position\":1,\"name\":\"Home\",\"item\":\"https:\/\/omakapp.ee\/ru\/\"},{\"@type\":\"ListItem\",\"position\":2,\"name\":\"\u0411\u043b\u043e\u0433\"}]},{\"@type\":\"WebSite\",\"@id\":\"https:\/\/omakapp.ee\/ru\/#website\",\"url\":\"https:\/\/omakapp.ee\/ru\/\",\"name\":\"Eritellimusm\u00f6\u00f6bel | OmaKapp Tallinn\",\"description\":\"Eritellimusm\u00f6\u00f6bel Tallinnas: liuguksed, garderoobikapid, k\u00e4\u00e4nduksed ja garderoobis\u00fcsteemid. Loo oma unikaalne sisustus kvaliteetsete eritellimusm\u00f6\u00f6blilahendustega.\",\"potentialAction\":[{\"@type\":\"SearchAction\",\"target\":{\"@type\":\"EntryPoint\",\"urlTemplate\":\"https:\/\/omakapp.ee\/ru\/?s={search_term_string}\"},\"query-input\":{\"@type\":\"PropertyValueSpecification\",\"valueRequired\":true,\"valueName\":\"search_term_string\"}}],\"inLanguage\":\"ru-RU\"}]}<\/script>\n<!-- \/ Yoast SEO plugin. -->","yoast_head_json":{"title":"\u0411\u043b\u043e\u0433 - \u041c\u0435\u0431\u0435\u043b\u044c \u043d\u0430 \u0437\u0430\u043a\u0430\u0437, \u0433\u0430\u0440\u0434\u0435\u0440\u043e\u0431\u043d\u044b\u0435 \u0441\u0438\u0441\u0442\u0435\u043c\u044b | OmaKapp","description":"\u0427\u0438\u0442\u0430\u0439\u0442\u0435 \u0431\u043b\u043e\u0433 \u043e \u043c\u0435\u0431\u0435\u043b\u0438 \u043d\u0430 \u0437\u0430\u043a\u0430\u0437, \u0440\u0430\u0437\u0434\u0432\u0438\u0436\u043d\u044b\u0445 \u0434\u0432\u0435\u0440\u044f\u0445, \u0433\u0430\u0440\u0434\u0435\u0440\u043e\u0431\u043d\u044b\u0445 \u0441\u0438\u0441\u0442\u0435\u043c\u0430\u0445 \u0438 \u0434\u0438\u0437\u0430\u0439\u043d\u0435 \u0438\u043d\u0442\u0435\u0440\u044c\u0435\u0440\u0430. \u041f\u043e\u043b\u0435\u0437\u043d\u044b\u0435 \u0438\u0434\u0435\u0438 \u0438 \u0440\u0435\u0448\u0435\u043d\u0438\u044f \u0434\u043b\u044f \u0432\u0430\u0448\u0435\u0433\u043e \u0434\u043e\u043c\u0430 \u0432 \u0425\u0430\u0440\u044c\u044e\u043c\u0430\u0430!","robots":{"index":"index","follow":"follow","max-snippet":"max-snippet:-1","max-image-preview":"max-image-preview:large","max-video-preview":"max-video-preview:-1"},"canonical":"https:\/\/omakapp.ee\/ru\/blog\/","og_locale":"ru_RU","og_type":"article","og_title":"\u0411\u043b\u043e\u0433 - \u041c\u0435\u0431\u0435\u043b\u044c \u043d\u0430 \u0437\u0430\u043a\u0430\u0437, \u0433\u0430\u0440\u0434\u0435\u0440\u043e\u0431\u043d\u044b\u0435 \u0441\u0438\u0441\u0442\u0435\u043c\u044b | OmaKapp","og_description":"\u0427\u0438\u0442\u0430\u0439\u0442\u0435 \u0431\u043b\u043e\u0433 \u043e \u043c\u0435\u0431\u0435\u043b\u0438 \u043d\u0430 \u0437\u0430\u043a\u0430\u0437, \u0440\u0430\u0437\u0434\u0432\u0438\u0436\u043d\u044b\u0445 \u0434\u0432\u0435\u0440\u044f\u0445, \u0433\u0430\u0440\u0434\u0435\u0440\u043e\u0431\u043d\u044b\u0445 \u0441\u0438\u0441\u0442\u0435\u043c\u0430\u0445 \u0438 \u0434\u0438\u0437\u0430\u0439\u043d\u0435 \u0438\u043d\u0442\u0435\u0440\u044c\u0435\u0440\u0430. \u041f\u043e\u043b\u0435\u0437\u043d\u044b\u0435 \u0438\u0434\u0435\u0438 \u0438 \u0440\u0435\u0448\u0435\u043d\u0438\u044f \u0434\u043b\u044f \u0432\u0430\u0448\u0435\u0433\u043e \u0434\u043e\u043c\u0430 \u0432 \u0425\u0430\u0440\u044c\u044e\u043c\u0430\u0430!","og_url":"https:\/\/omakapp.ee\/ru\/blog\/","og_site_name":"Eritellimusm\u00f6\u00f6bel | OmaKapp Tallinn","article_modified_time":"2025-03-09T08:37:31+00:00","og_image":[{"width":488,"height":650,"url":"https:\/\/omakapp.ee\/wp-content\/uploads\/2025\/01\/7-garderoobi-susteemid-min-scaled-e1735821867648.jpg","type":"image\/jpeg"}],"twitter_card":"summary_large_image","twitter_misc":{"\u041f\u0440\u0438\u043c\u0435\u0440\u043d\u043e\u0435 \u0432\u0440\u0435\u043c\u044f \u0434\u043b\u044f \u0447\u0442\u0435\u043d\u0438\u044f":"1 \u043c\u0438\u043d\u0443\u0442\u0430"},"schema":{"@context":"https:\/\/schema.org","@graph":[{"@type":"WebPage","@id":"https:\/\/omakapp.ee\/ru\/blog\/","url":"https:\/\/omakapp.ee\/ru\/blog\/","name":"\u0411\u043b\u043e\u0433 - \u041c\u0435\u0431\u0435\u043b\u044c \u043d\u0430 \u0437\u0430\u043a\u0430\u0437, \u0433\u0430\u0440\u0434\u0435\u0440\u043e\u0431\u043d\u044b\u0435 \u0441\u0438\u0441\u0442\u0435\u043c\u044b | OmaKapp","isPartOf":{"@id":"https:\/\/omakapp.ee\/ru\/#website"},"primaryImageOfPage":{"@id":"https:\/\/omakapp.ee\/ru\/blog\/#primaryimage"},"image":{"@id":"https:\/\/omakapp.ee\/ru\/blog\/#primaryimage"},"thumbnailUrl":"https:\/\/omakapp.ee\/wp-content\/uploads\/2025\/01\/7-garderoobi-susteemid-min-scaled-e1735821867648.jpg","datePublished":"2025-03-09T08:34:59+00:00","dateModified":"2025-03-09T08:37:31+00:00","description":"\u0427\u0438\u0442\u0430\u0439\u0442\u0435 \u0431\u043b\u043e\u0433 \u043e \u043c\u0435\u0431\u0435\u043b\u0438 \u043d\u0430 \u0437\u0430\u043a\u0430\u0437, \u0440\u0430\u0437\u0434\u0432\u0438\u0436\u043d\u044b\u0445 \u0434\u0432\u0435\u0440\u044f\u0445, \u0433\u0430\u0440\u0434\u0435\u0440\u043e\u0431\u043d\u044b\u0445 \u0441\u0438\u0441\u0442\u0435\u043c\u0430\u0445 \u0438 \u0434\u0438\u0437\u0430\u0439\u043d\u0435 \u0438\u043d\u0442\u0435\u0440\u044c\u0435\u0440\u0430. \u041f\u043e\u043b\u0435\u0437\u043d\u044b\u0435 \u0438\u0434\u0435\u0438 \u0438 \u0440\u0435\u0448\u0435\u043d\u0438\u044f \u0434\u043b\u044f \u0432\u0430\u0448\u0435\u0433\u043e \u0434\u043e\u043c\u0430 \u0432 \u0425\u0430\u0440\u044c\u044e\u043c\u0430\u0430!","breadcrumb":{"@id":"https:\/\/omakapp.ee\/ru\/blog\/#breadcrumb"},"inLanguage":"ru-RU","potentialAction":[{"@type":"ReadAction","target":["https:\/\/omakapp.ee\/ru\/blog\/"]}]},{"@type":"ImageObject","inLanguage":"ru-RU","@id":"https:\/\/omakapp.ee\/ru\/blog\/#primaryimage","url":"https:\/\/omakapp.ee\/wp-content\/uploads\/2025\/01\/7-garderoobi-susteemid-min-scaled-e1735821867648.jpg","contentUrl":"https:\/\/omakapp.ee\/wp-content\/uploads\/2025\/01\/7-garderoobi-susteemid-min-scaled-e1735821867648.jpg","width":488,"height":650},{"@type":"BreadcrumbList","@id":"https:\/\/omakapp.ee\/ru\/blog\/#breadcrumb","itemListElement":[{"@type":"ListItem","position":1,"name":"Home","item":"https:\/\/omakapp.ee\/ru\/"},{"@type":"ListItem","position":2,"name":"\u0411\u043b\u043e\u0433"}]},{"@type":"WebSite","@id":"https:\/\/omakapp.ee\/ru\/#website","url":"https:\/\/omakapp.ee\/ru\/","name":"Eritellimusm\u00f6\u00f6bel | OmaKapp Tallinn","description":"Eritellimusm\u00f6\u00f6bel Tallinnas: liuguksed, garderoobikapid, k\u00e4\u00e4nduksed ja garderoobis\u00fcsteemid. Loo oma unikaalne sisustus kvaliteetsete eritellimusm\u00f6\u00f6blilahendustega.","potentialAction":[{"@type":"SearchAction","target":{"@type":"EntryPoint","urlTemplate":"https:\/\/omakapp.ee\/ru\/?s={search_term_string}"},"query-input":{"@type":"PropertyValueSpecification","valueRequired":true,"valueName":"search_term_string"}}],"inLanguage":"ru-RU"}]}},"_links":{"self":[{"href":"https:\/\/omakapp.ee\/ru\/wp-json\/wp\/v2\/pages\/1249","targetHints":{"allow":["GET"]}}],"collection":[{"href":"https:\/\/omakapp.ee\/ru\/wp-json\/wp\/v2\/pages"}],"about":[{"href":"https:\/\/omakapp.ee\/ru\/wp-json\/wp\/v2\/types\/page"}],"author":[{"embeddable":true,"href":"https:\/\/omakapp.ee\/ru\/wp-json\/wp\/v2\/users\/2"}],"replies":[{"embeddable":true,"href":"https:\/\/omakapp.ee\/ru\/wp-json\/wp\/v2\/comments?post=1249"}],"version-history":[{"count":2,"href":"https:\/\/omakapp.ee\/ru\/wp-json\/wp\/v2\/pages\/1249\/revisions"}],"predecessor-version":[{"id":1251,"href":"https:\/\/omakapp.ee\/ru\/wp-json\/wp\/v2\/pages\/1249\/revisions\/1251"}],"wp:featuredmedia":[{"embeddable":true,"href":"https:\/\/omakapp.ee\/ru\/wp-json\/wp\/v2\/media\/431"}],"wp:attachment":[{"href":"https:\/\/omakapp.ee\/ru\/wp-json\/wp\/v2\/media?parent=1249"}],"curies":[{"name":"wp","href":"https:\/\/api.w.org\/{rel}","templated":true}]}}