{"id":1134,"date":"2025-01-30T08:53:40","date_gmt":"2025-01-30T08:53:40","guid":{"rendered":"https:\/\/www.omakapp.ee\/?page_id=1134"},"modified":"2025-01-30T08:53:40","modified_gmt":"2025-01-30T08:53:40","slug":"privacy-policy","status":"publish","type":"page","link":"https:\/\/omakapp.ee\/ru\/privacy-policy\/","title":{"rendered":"Privacy Policy"},"content":{"rendered":"<p>At Tarp Service O\u00dc, we respect your privacy and are committed to protecting any personal information you may share with us. This Privacy Policy explains how we handle your information when you visit our website, <a href=\"https:\/\/www.omakapp.ee\" target=\"_new\" rel=\"noopener\">https:\/\/www.omakapp.ee<\/a>. By using our website, you consent to the practices described in this policy.<\/p>\n<p><strong>Collection of Information<\/strong><\/p>\n<p>We do not collect or store any personal information through our website. However, when you visit <a href=\"https:\/\/www.omakapp.ee\" target=\"_new\" rel=\"noopener\">https:\/\/www.omakapp.ee<\/a>, some information may be automatically collected by third-party services, such as Google Ads, to help display ads that may be relevant to you.<\/p>\n<p>This data may include your IP address, browser type, device information, and other browsing activity through the use of cookies and similar technologies. Please note that cookies are used to serve ads based on your prior visits to our website or other websites on the Internet.<\/p>\n<p><strong>Use of Google Ads<\/strong><\/p>\n<p>We use Google Ads to display advertisements on our website. Google may collect certain data about your interactions with the ads shown, and such data is handled according to Google&#8217;s privacy policies. Google may use cookies to serve ads based on your previous visits to this site and other websites.<\/p>\n<p>For more information on how Google collects and uses data, please visit the Google Privacy &amp; Terms page: <a target=\"_new\" rel=\"noopener\">Google Privacy Policy<\/a>.<\/p>\n<p><strong>Cookies<\/strong><\/p>\n<p>Cookies are small files placed on your device that help personalize your experience on the website. Our website uses cookies for the purpose of Google Ads and other third-party services.<\/p>\n<p>You can manage or disable cookies through your browser settings. Please note that disabling cookies may affect your experience on our website, particularly when interacting with ads.<\/p>\n<p><strong>Security of Your Information<\/strong><\/p>\n<p>Since we do not collect personal information directly, there is no need to store sensitive data on our website. However, any data collected by third-party services, such as Google, is handled by them in accordance with their privacy policies.<\/p>\n<p><strong>Third-Party Websites<\/strong><\/p>\n<p>Our website may contain links to third-party websites. We are not responsible for the privacy practices or content of those websites. We encourage you to review their privacy policies to understand how they handle your data.<\/p>\n<p><strong>Opt-Out of Google Ads<\/strong><\/p>\n<p>You can opt out of personalized Google Ads by visiting the Google Ads Settings page: <a href=\"https:\/\/adssettings.google.com\/\" target=\"_new\" rel=\"noopener\">Google Ads Settings<\/a>. Additionally, you can use the Network Advertising Initiative\u2019s opt-out page: <a target=\"_new\" rel=\"noopener\">NAI Opt-Out<\/a>.<\/p>\n<p><strong>Changes to This Privacy Policy<\/strong><\/p>\n<p>We may update this Privacy Policy occasionally to reflect changes in our practices or legal requirements. We encourage you to review this page periodically to stay informed about how we protect your information.<\/p>\n<p><strong>Contact Information<\/strong><\/p>\n<p>If you have any questions or concerns regarding this Privacy Policy, please contact us at:<\/p>\n<p>Email Address: <a rel=\"noopener\">info@omakapp.ee<\/a><br \/>\nCompany: Tarp Service O\u00dc<br \/>\nReg. No: 14193787<\/p>\n<p>Effective as of February 1, 2024<\/p>\n","protected":false},"excerpt":{"rendered":"<p>At Tarp Service O\u00dc, we respect your privacy and are committed to protecting any personal information you may share with us. This Privacy Policy explains how we handle your information when you visit our website, https:\/\/www.omakapp.ee. By using our website, you consent to the practices described in this policy. Collection of Information We do not [&hellip;]<\/p>\n","protected":false},"author":2,"featured_media":0,"parent":0,"menu_order":0,"comment_status":"closed","ping_status":"closed","template":"","meta":{"_et_pb_use_builder":"","_et_pb_old_content":"","_et_gb_content_width":"","footnotes":""},"class_list":["post-1134","page","type-page","status-publish","hentry"],"yoast_head":"<!-- This site is optimized with the Yoast SEO plugin v27.0 - https:\/\/yoast.com\/product\/yoast-seo-wordpress\/ -->\n<title>Privacy Policy - Eritellimusm\u00f6\u00f6bel | OmaKapp Tallinn<\/title>\n<meta name=\"robots\" content=\"index, follow, max-snippet:-1, max-image-preview:large, max-video-preview:-1\" \/>\n<link rel=\"canonical\" href=\"https:\/\/omakapp.ee\/ru\/privacy-policy\/\" \/>\n<meta property=\"og:locale\" content=\"ru_RU\" \/>\n<meta property=\"og:type\" content=\"article\" \/>\n<meta property=\"og:title\" content=\"Privacy Policy - Eritellimusm\u00f6\u00f6bel | OmaKapp Tallinn\" \/>\n<meta property=\"og:description\" content=\"At Tarp Service O\u00dc, we respect your privacy and are committed to protecting any personal information you may share with us. This Privacy Policy explains how we handle your information when you visit our website, https:\/\/www.omakapp.ee. By using our website, you consent to the practices described in this policy. Collection of Information We do not [&hellip;]\" \/>\n<meta property=\"og:url\" content=\"https:\/\/omakapp.ee\/ru\/privacy-policy\/\" \/>\n<meta property=\"og:site_name\" content=\"Eritellimusm\u00f6\u00f6bel | OmaKapp Tallinn\" \/>\n<meta name=\"twitter:card\" content=\"summary_large_image\" \/>\n<meta name=\"twitter:label1\" content=\"\u041f\u0440\u0438\u043c\u0435\u0440\u043d\u043e\u0435 \u0432\u0440\u0435\u043c\u044f \u0434\u043b\u044f \u0447\u0442\u0435\u043d\u0438\u044f\" \/>\n\t<meta name=\"twitter:data1\" content=\"3 \u043c\u0438\u043d\u0443\u0442\u044b\" \/>\n<script type=\"application\/ld+json\" class=\"yoast-schema-graph\">{\"@context\":\"https:\/\/schema.org\",\"@graph\":[{\"@type\":\"WebPage\",\"@id\":\"https:\/\/omakapp.ee\/ru\/privacy-policy\/\",\"url\":\"https:\/\/omakapp.ee\/ru\/privacy-policy\/\",\"name\":\"Privacy Policy - Eritellimusm\u00f6\u00f6bel | OmaKapp Tallinn\",\"isPartOf\":{\"@id\":\"https:\/\/omakapp.ee\/ru\/#website\"},\"datePublished\":\"2025-01-30T08:53:40+00:00\",\"breadcrumb\":{\"@id\":\"https:\/\/omakapp.ee\/ru\/privacy-policy\/#breadcrumb\"},\"inLanguage\":\"ru-RU\",\"potentialAction\":[{\"@type\":\"ReadAction\",\"target\":[\"https:\/\/omakapp.ee\/ru\/privacy-policy\/\"]}]},{\"@type\":\"BreadcrumbList\",\"@id\":\"https:\/\/omakapp.ee\/ru\/privacy-policy\/#breadcrumb\",\"itemListElement\":[{\"@type\":\"ListItem\",\"position\":1,\"name\":\"Home\",\"item\":\"https:\/\/omakapp.ee\/ru\/\"},{\"@type\":\"ListItem\",\"position\":2,\"name\":\"Privacy Policy\"}]},{\"@type\":\"WebSite\",\"@id\":\"https:\/\/omakapp.ee\/ru\/#website\",\"url\":\"https:\/\/omakapp.ee\/ru\/\",\"name\":\"Eritellimusm\u00f6\u00f6bel | OmaKapp Tallinn\",\"description\":\"Eritellimusm\u00f6\u00f6bel Tallinnas: liuguksed, garderoobikapid, k\u00e4\u00e4nduksed ja garderoobis\u00fcsteemid. Loo oma unikaalne sisustus kvaliteetsete eritellimusm\u00f6\u00f6blilahendustega.\",\"potentialAction\":[{\"@type\":\"SearchAction\",\"target\":{\"@type\":\"EntryPoint\",\"urlTemplate\":\"https:\/\/omakapp.ee\/ru\/?s={search_term_string}\"},\"query-input\":{\"@type\":\"PropertyValueSpecification\",\"valueRequired\":true,\"valueName\":\"search_term_string\"}}],\"inLanguage\":\"ru-RU\"}]}<\/script>\n<!-- \/ Yoast SEO plugin. -->","yoast_head_json":{"title":"Privacy Policy - Eritellimusm\u00f6\u00f6bel | OmaKapp Tallinn","robots":{"index":"index","follow":"follow","max-snippet":"max-snippet:-1","max-image-preview":"max-image-preview:large","max-video-preview":"max-video-preview:-1"},"canonical":"https:\/\/omakapp.ee\/ru\/privacy-policy\/","og_locale":"ru_RU","og_type":"article","og_title":"Privacy Policy - Eritellimusm\u00f6\u00f6bel | OmaKapp Tallinn","og_description":"At Tarp Service O\u00dc, we respect your privacy and are committed to protecting any personal information you may share with us. This Privacy Policy explains how we handle your information when you visit our website, https:\/\/www.omakapp.ee. By using our website, you consent to the practices described in this policy. Collection of Information We do not [&hellip;]","og_url":"https:\/\/omakapp.ee\/ru\/privacy-policy\/","og_site_name":"Eritellimusm\u00f6\u00f6bel | OmaKapp Tallinn","twitter_card":"summary_large_image","twitter_misc":{"\u041f\u0440\u0438\u043c\u0435\u0440\u043d\u043e\u0435 \u0432\u0440\u0435\u043c\u044f \u0434\u043b\u044f \u0447\u0442\u0435\u043d\u0438\u044f":"3 \u043c\u0438\u043d\u0443\u0442\u044b"},"schema":{"@context":"https:\/\/schema.org","@graph":[{"@type":"WebPage","@id":"https:\/\/omakapp.ee\/ru\/privacy-policy\/","url":"https:\/\/omakapp.ee\/ru\/privacy-policy\/","name":"Privacy Policy - Eritellimusm\u00f6\u00f6bel | OmaKapp Tallinn","isPartOf":{"@id":"https:\/\/omakapp.ee\/ru\/#website"},"datePublished":"2025-01-30T08:53:40+00:00","breadcrumb":{"@id":"https:\/\/omakapp.ee\/ru\/privacy-policy\/#breadcrumb"},"inLanguage":"ru-RU","potentialAction":[{"@type":"ReadAction","target":["https:\/\/omakapp.ee\/ru\/privacy-policy\/"]}]},{"@type":"BreadcrumbList","@id":"https:\/\/omakapp.ee\/ru\/privacy-policy\/#breadcrumb","itemListElement":[{"@type":"ListItem","position":1,"name":"Home","item":"https:\/\/omakapp.ee\/ru\/"},{"@type":"ListItem","position":2,"name":"Privacy Policy"}]},{"@type":"WebSite","@id":"https:\/\/omakapp.ee\/ru\/#website","url":"https:\/\/omakapp.ee\/ru\/","name":"Eritellimusm\u00f6\u00f6bel | OmaKapp Tallinn","description":"Eritellimusm\u00f6\u00f6bel Tallinnas: liuguksed, garderoobikapid, k\u00e4\u00e4nduksed ja garderoobis\u00fcsteemid. Loo oma unikaalne sisustus kvaliteetsete eritellimusm\u00f6\u00f6blilahendustega.","potentialAction":[{"@type":"SearchAction","target":{"@type":"EntryPoint","urlTemplate":"https:\/\/omakapp.ee\/ru\/?s={search_term_string}"},"query-input":{"@type":"PropertyValueSpecification","valueRequired":true,"valueName":"search_term_string"}}],"inLanguage":"ru-RU"}]}},"_links":{"self":[{"href":"https:\/\/omakapp.ee\/ru\/wp-json\/wp\/v2\/pages\/1134","targetHints":{"allow":["GET"]}}],"collection":[{"href":"https:\/\/omakapp.ee\/ru\/wp-json\/wp\/v2\/pages"}],"about":[{"href":"https:\/\/omakapp.ee\/ru\/wp-json\/wp\/v2\/types\/page"}],"author":[{"embeddable":true,"href":"https:\/\/omakapp.ee\/ru\/wp-json\/wp\/v2\/users\/2"}],"replies":[{"embeddable":true,"href":"https:\/\/omakapp.ee\/ru\/wp-json\/wp\/v2\/comments?post=1134"}],"version-history":[{"count":1,"href":"https:\/\/omakapp.ee\/ru\/wp-json\/wp\/v2\/pages\/1134\/revisions"}],"predecessor-version":[{"id":1135,"href":"https:\/\/omakapp.ee\/ru\/wp-json\/wp\/v2\/pages\/1134\/revisions\/1135"}],"wp:attachment":[{"href":"https:\/\/omakapp.ee\/ru\/wp-json\/wp\/v2\/media?parent=1134"}],"curies":[{"name":"wp","href":"https:\/\/api.w.org\/{rel}","templated":true}]}}